{"id":5156,"date":"2022-06-28T11:02:06","date_gmt":"2022-06-28T10:02:06","guid":{"rendered":"https:\/\/snowdonia-society.org.uk\/ty-hyll\/amseroedd-ymweld-ac-agor\/"},"modified":"2025-02-12T15:48:11","modified_gmt":"2025-02-12T15:48:11","slug":"amseroedd-ymweld-ac-agor","status":"publish","type":"page","link":"https:\/\/www.snowdonia-society.org.uk\/cy\/ty-hyll\/amseroedd-ymweld-ac-agor\/","title":{"rendered":"Amseroedd ymweld ac agor"},"content":{"rendered":"\t\t<div data-elementor-type=\"wp-page\" data-elementor-id=\"5156\" class=\"elementor elementor-5156 elementor-3230\" data-elementor-post-type=\"page\">\n\t\t\t\t\t\t<section class=\"elementor-section elementor-top-section elementor-element elementor-element-5d8bfd1 elementor-section-boxed elementor-section-height-default elementor-section-height-default\" data-id=\"5d8bfd1\" data-element_type=\"section\" data-e-type=\"section\">\n\t\t\t\t\t\t<div class=\"elementor-container elementor-column-gap-default\">\n\t\t\t\t\t<div class=\"elementor-column elementor-col-100 elementor-top-column elementor-element elementor-element-f6623db\" data-id=\"f6623db\" data-element_type=\"column\" data-e-type=\"column\">\n\t\t\t<div class=\"elementor-widget-wrap\">\n\t\t\t\t\t\t\t<\/div>\n\t\t<\/div>\n\t\t\t\t\t<\/div>\n\t\t<\/section>\n\t\t\t\t<section class=\"elementor-section elementor-top-section elementor-element elementor-element-1c109a7b elementor-section-boxed elementor-section-height-default elementor-section-height-default\" data-id=\"1c109a7b\" data-element_type=\"section\" data-e-type=\"section\">\n\t\t\t\t\t\t<div class=\"elementor-container elementor-column-gap-default\">\n\t\t\t\t\t<div class=\"elementor-column elementor-col-100 elementor-top-column elementor-element elementor-element-7e012a11\" data-id=\"7e012a11\" data-element_type=\"column\" data-e-type=\"column\">\n\t\t\t<div class=\"elementor-widget-wrap elementor-element-populated\">\n\t\t\t\t\t\t<div class=\"elementor-element elementor-element-5d988d68 elementor-widget elementor-widget-heading\" data-id=\"5d988d68\" data-element_type=\"widget\" data-e-type=\"widget\" data-widget_type=\"heading.default\">\n\t\t\t\t<div class=\"elementor-widget-container\">\n\t\t\t\t\t<h1 class=\"elementor-heading-title elementor-size-default\">Amseroedd ymweld ac agor<\/h1>\t\t\t\t<\/div>\n\t\t\t\t<\/div>\n\t\t\t\t<div class=\"elementor-element elementor-element-7fc7fda elementor-alert-info elementor-widget elementor-widget-alert\" data-id=\"7fc7fda\" data-element_type=\"widget\" data-e-type=\"widget\" data-widget_type=\"alert.default\">\n\t\t\t\t<div class=\"elementor-widget-container\">\n\t\t\t\t\t\t\t<div class=\"elementor-alert\" role=\"alert\">\n\n\t\t\t\t\t\t<span class=\"elementor-alert-title\">ARCHEBU YSTAFELL TE<\/span>\n\t\t\t\n\t\t\t\t\t\t<span class=\"elementor-alert-description\"><p>Ffoniwch ystafell de Pot M\u00eal i gadw lle ac oriau agor ar<strong> <b>07891732768 jmdavies63@yahoo.com<\/b><\/strong><\/p>\n<\/span>\n\t\t\t\n\t\t\t\t\t\t<button type=\"button\" class=\"elementor-alert-dismiss\" aria-label=\"Dismiss this alert.\">\n\t\t\t\t\t\t\t\t\t<span aria-hidden=\"true\">&times;<\/span>\n\t\t\t\t\t\t\t<\/button>\n\t\t\t\n\t\t<\/div>\n\t\t\t\t\t\t<\/div>\n\t\t\t\t<\/div>\n\t\t\t\t\t<\/div>\n\t\t<\/div>\n\t\t\t\t\t<\/div>\n\t\t<\/section>\n\t\t\t\t<section class=\"elementor-section elementor-top-section elementor-element elementor-element-5734498 elementor-section-boxed elementor-section-height-default elementor-section-height-default\" data-id=\"5734498\" data-element_type=\"section\" data-e-type=\"section\">\n\t\t\t\t\t\t<div class=\"elementor-container elementor-column-gap-default\">\n\t\t\t\t\t<div class=\"elementor-column elementor-col-50 elementor-top-column elementor-element elementor-element-c599576\" data-id=\"c599576\" data-element_type=\"column\" data-e-type=\"column\">\n\t\t\t<div class=\"elementor-widget-wrap elementor-element-populated\">\n\t\t\t\t\t\t<div class=\"elementor-element elementor-element-4fbeac0 elementor-widget elementor-widget-text-editor\" data-id=\"4fbeac0\" data-element_type=\"widget\" data-e-type=\"widget\" data-widget_type=\"text-editor.default\">\n\t\t\t\t<div class=\"elementor-widget-container\">\n\t\t\t\t\t\t\t\t\t<h3>Dod o hyd i T\u0177 Hyll<\/h3>\n<p>Mae T\u0177 Hyll ar yr\u00a0A5 rhwng\u00a0Capel Curig a Betws y Coed, lle mae\u2019r\u00a0A5 yn croesi Afon\u00a0Llugwy.<\/p>\n<p>T\u0177 Hyll, Capel Curig,\u00a0Conwy<br \/>\nLL24 0DS<\/p>\n\t\t\t\t\t\t\t\t<\/div>\n\t\t\t\t<\/div>\n\t\t\t\t<div class=\"elementor-element elementor-element-97b8630 elementor-widget elementor-widget-toggle\" data-id=\"97b8630\" data-element_type=\"widget\" data-e-type=\"widget\" data-widget_type=\"toggle.default\">\n\t\t\t\t<div class=\"elementor-widget-container\">\n\t\t\t\t\t\t\t<div class=\"elementor-toggle\">\n\t\t\t\t\t\t\t<div class=\"elementor-toggle-item\">\n\t\t\t\t\t<div id=\"elementor-tab-title-1591\" class=\"elementor-tab-title\" data-tab=\"1\" role=\"button\" aria-controls=\"elementor-tab-content-1591\" aria-expanded=\"false\">\n\t\t\t\t\t\t\t\t\t\t\t\t<span class=\"elementor-toggle-icon elementor-toggle-icon-left\" aria-hidden=\"true\">\n\t\t\t\t\t\t\t\t\t\t\t\t\t\t\t<span class=\"elementor-toggle-icon-closed\"><i class=\"fas fa-caret-right\"><\/i><\/span>\n\t\t\t\t\t\t\t\t<span class=\"elementor-toggle-icon-opened\"><i class=\"elementor-toggle-icon-opened fas fa-caret-up\"><\/i><\/span>\n\t\t\t\t\t\t\t\t\t\t\t\t\t<\/span>\n\t\t\t\t\t\t\t\t\t\t\t\t<a class=\"elementor-toggle-title\" tabindex=\"0\">Trafnidiaeth gynaladwy<\/a>\n\t\t\t\t\t<\/div>\n\n\t\t\t\t\t<div id=\"elementor-tab-content-1591\" class=\"elementor-tab-content elementor-clearfix\" data-tab=\"1\" role=\"region\" aria-labelledby=\"elementor-tab-title-1591\"><p>Rydym yn croesawu ymwelwyr yn cyrraedd T\u0177 Hyll ar droed, ar gefn beic ac ar y bws. Gallwch gynllunio eich taith ar\u00a0<strong><a title=\"Traveline Cymru\" href=\"http:\/\/www.cymraeg.traveline.cymru\/\" target=\"_blank\" rel=\"noopener\">Traveline Cymru<\/a><\/strong>.<\/p>\n<h3>Ar gefn beic<\/h3>\n<p>Mae raciau beiciau diogel ar gael yn ein maes\u00a0parcio. Chwiliwch am siwrnai beic\u00a0sy\u2019n addas i chi ar\u00a0<strong><a href=\"http:\/\/www.cyclestreets.net\/\" target=\"_blank\" rel=\"noopener\">cyclestreets.net<\/a><\/strong><br \/>\nMae\u00a0<strong>Llwybr Marin<\/strong>, un o lwybrau beicio mynydd mwyaf adnabyddus yn\u00a0ngogledd Cymru, chwarter milltir i ffwrdd.\u00a0<strong><a title=\"Marin Trail\" href=\"http:\/\/www.bikingconwy.ws\/downloads\/dmsimgs\/cycling%7Bcfe7b007ef2d97d6c94c66bdf5fd69182957ee376eb8b20ce6b541889da3df98%7D20-%7Bcfe7b007ef2d97d6c94c66bdf5fd69182957ee376eb8b20ce6b541889da3df98%7D20marin%7Bcfe7b007ef2d97d6c94c66bdf5fd69182957ee376eb8b20ce6b541889da3df98%7D20trail_1609987893.pdf\" target=\"_blank\" rel=\"noopener\">Taflen y Llwybr Marin.<\/a><\/strong><\/p>\n<h3>Ar droed<\/h3>\n<p>Mae na lwybr cyhoeddus ar hyd glan Afon Llugwy o Fetws y Coed i D\u0177 Hyll.<br \/>\nGallwch fforio i\u2019r\u00a0ardal o gwmpas T\u0177 Hyll\u00a0drwy ddilyn<strong><a href=\"http:\/\/www.snowdonia-society.org.uk\/wp-content\/uploads\/2015\/07\/Ty-Hyll-walks.pdf\" target=\"_blank\" rel=\"noopener\">\u00a0Llwbrau Cerdded T\u0177 Hyll<\/a><\/strong>.<\/p>\n<h3>Trafnidiaeth gyhoeddus<\/h3>\n<p>Mae lleoliad T\u0177 Hyll ar ffordd\u00a0<strong><a href=\"https:\/\/www.gwynedd.gov.uk\/en\/Residents\/Parking-roads-and-travel\/Travel-passes\/Snowdon-Sherpa.aspx\" target=\"_blank\" rel=\"noopener\">bws S2 Sherpa\u2019r Wyddfa<\/a><\/strong>\u00a0rhwng Llanberis\/Capel Curig a Betws y Coed, \u00e2 safle\u00a0bws tu allan i\u2019r t\u0177.<br \/>\nMae\u2019r<strong>\u00a0orsaf dren<\/strong>\u00a0agosaf ym Metws y Coed, 5 milltir i ffwrdd.<\/p>\n<\/div>\n\t\t\t\t<\/div>\n\t\t\t\t\t\t\t\t<\/div>\n\t\t\t\t\t\t<\/div>\n\t\t\t\t<\/div>\n\t\t\t\t\t<\/div>\n\t\t<\/div>\n\t\t\t\t<div class=\"elementor-column elementor-col-50 elementor-top-column elementor-element elementor-element-f63386c\" data-id=\"f63386c\" data-element_type=\"column\" data-e-type=\"column\">\n\t\t\t<div class=\"elementor-widget-wrap elementor-element-populated\">\n\t\t\t\t\t\t<div class=\"elementor-element elementor-element-5095697 elementor-widget elementor-widget-google_maps\" data-id=\"5095697\" data-element_type=\"widget\" data-e-type=\"widget\" data-widget_type=\"google_maps.default\">\n\t\t\t\t<div class=\"elementor-widget-container\">\n\t\t\t\t\t\t\t<div class=\"elementor-custom-embed\">\n\t\t\t<iframe loading=\"lazy\"\n\t\t\t\t\tsrc=\"https:\/\/maps.google.com\/maps?q=The%20ugly%20House%2C&#038;t=m&#038;z=10&#038;output=embed&#038;iwloc=near\"\n\t\t\t\t\ttitle=\"The ugly House,\"\n\t\t\t\t\taria-label=\"The ugly House,\"\n\t\t\t><\/iframe>\n\t\t<\/div>\n\t\t\t\t\t\t<\/div>\n\t\t\t\t<\/div>\n\t\t\t\t\t<\/div>\n\t\t<\/div>\n\t\t\t\t\t<\/div>\n\t\t<\/section>\n\t\t\t\t<section class=\"elementor-section elementor-top-section elementor-element elementor-element-393db58 elementor-section-boxed elementor-section-height-default elementor-section-height-default\" data-id=\"393db58\" data-element_type=\"section\" data-e-type=\"section\">\n\t\t\t\t\t\t<div class=\"elementor-container elementor-column-gap-default\">\n\t\t\t\t\t<div class=\"elementor-column elementor-col-100 elementor-top-column elementor-element elementor-element-97bcc08\" data-id=\"97bcc08\" data-element_type=\"column\" data-e-type=\"column\">\n\t\t\t<div class=\"elementor-widget-wrap\">\n\t\t\t\t\t\t\t<\/div>\n\t\t<\/div>\n\t\t\t\t\t<\/div>\n\t\t<\/section>\n\t\t\t\t<section class=\"elementor-section elementor-top-section elementor-element elementor-element-f6c6652 elementor-section-boxed elementor-section-height-default elementor-section-height-default\" data-id=\"f6c6652\" data-element_type=\"section\" data-e-type=\"section\">\n\t\t\t\t\t\t<div class=\"elementor-container elementor-column-gap-default\">\n\t\t\t\t\t<div class=\"elementor-column elementor-col-100 elementor-top-column elementor-element elementor-element-38530e6\" data-id=\"38530e6\" data-element_type=\"column\" data-e-type=\"column\">\n\t\t\t<div class=\"elementor-widget-wrap elementor-element-populated\">\n\t\t\t\t\t\t<div class=\"elementor-element elementor-element-16ef765 elementor-widget elementor-widget-text-editor\" data-id=\"16ef765\" data-element_type=\"widget\" data-e-type=\"widget\" data-widget_type=\"text-editor.default\">\n\t\t\t\t<div class=\"elementor-widget-container\">\n\t\t\t\t\t\t\t\t\t<h3>Mynediad am ddim<\/h3>\n<p><strong>Ni chodir t\u00e2l<\/strong> i ymweld \u00e2 Th\u0177 Hyll, yr Ystafell Wenyn neu\u2019r ardd, ond fel elusen gofrestredig rydym yn croesawu<strong>\u00a0<a href=\"http:\/\/www.snowdonia-society.org.uk\/donate\/\">cyfraniadau at eu cynhaliaeth<\/a><\/strong>.<\/p>\n<h3>Oriau agor<\/h3>\n<p><strong>Gardd a\u00a0choetir:\u00a0<\/strong>ar agor bob dydd trwy\u2019r dydd<\/p>\n<p>Ffoniwch yr ystafell de i gadw lle ac amseroedd agor cyfredol.<\/p>\n<h3>Ymholiadau a chadw bwrdd yn\u00a0ystafell d\u00ea\u2019r Pot M\u00eal<\/h3>\n<p><strong>Grwp o 8 neu ragor?<\/strong>\u00a0Ffoniwch\u00a0Tim ac Ayla Maddox ymlaen llaw i gadw bwrdd os ydych am fwyta yn yr ystafell d\u00ea:<br \/>\n<strong><i class=\"fa fa-phone\"><br \/>\n<\/i> <b>07891732768. jmdavies63@yahoo.com<\/b><\/strong><\/p>\n<p>&nbsp;<\/p>\n<h3>Ymholiadau cyffredinol am y t\u0177, gardd a choetir<\/h3>\n<p><strong><i class=\"fa fa-phone\"><br \/>\n<\/i>\u00a001286 685498<\/strong><\/p>\n\t\t\t\t\t\t\t\t<\/div>\n\t\t\t\t<\/div>\n\t\t\t\t\t<\/div>\n\t\t<\/div>\n\t\t\t\t\t<\/div>\n\t\t<\/section>\n\t\t\t\t<section class=\"elementor-section elementor-top-section elementor-element elementor-element-f7ae578 elementor-section-boxed elementor-section-height-default elementor-section-height-default\" data-id=\"f7ae578\" data-element_type=\"section\" data-e-type=\"section\">\n\t\t\t\t\t\t<div class=\"elementor-container elementor-column-gap-default\">\n\t\t\t\t\t<div class=\"elementor-column elementor-col-100 elementor-top-column elementor-element elementor-element-cf7c3fc\" data-id=\"cf7c3fc\" data-element_type=\"column\" data-e-type=\"column\">\n\t\t\t<div class=\"elementor-widget-wrap elementor-element-populated\">\n\t\t\t\t\t\t<div class=\"elementor-element elementor-element-edb3709 elementor-widget elementor-widget-text-editor\" data-id=\"edb3709\" data-element_type=\"widget\" data-e-type=\"widget\" data-widget_type=\"text-editor.default\">\n\t\t\t\t<div class=\"elementor-widget-container\">\n\t\t\t\t\t\t\t\t\t<h2>Mynediad hygyrch<\/h2>\n<ul>\n<li>Rydym yn croesawu c\u0175n cymorth ymhob rhan o\u2019r t\u0177 a\u2019r tiroedd<\/li>\n<li>Mae un lle parcio wedi\u2019i neilltuo i ddeiliaid Bathodyn Glas yn y maes parcio uchaf<\/li>\n<li>Nid yw\u2019r brif fynedfa yn hygyrch i gadeiriau olwyn; awgrymir i ddefnyddwyr cadeiriau olwyn ddefnyddio\u2019r ail fynedfa\u00a0tua 10 medr ymhellach i fyny\u2019r isffordd<\/li>\n<li>Gellir defnyddio ramp neu risiau i fynd i mewn i\u2019r ystafell de ar lawr gwaelod y t\u0177; mae mynediad gwastad ymhob rhan o\u2019r ystafell de<\/li>\n<li>Ymddiheurwn fod yr arddangosfa gwenyn m\u00eal ar lawr uchaf y bwthyn\u00a0trwy res o risiau cyfyng<\/li>\n<li>Mae toiled sy\u2019n cynnig mynediad i\u2019r anabl yng nghefn yr adeilad, ar agor\u00a0pan mae\u2019r ystafell d\u00ea ar agor.<\/li>\n<\/ul>\n<div class=\"share-bar\"><\/div>\n\t\t\t\t\t\t\t\t<\/div>\n\t\t\t\t<\/div>\n\t\t\t\t\t<\/div>\n\t\t<\/div>\n\t\t\t\t\t<\/div>\n\t\t<\/section>\n\t\t\t\t<\/div>\n\t\t","protected":false},"excerpt":{"rendered":"<p>ARCHEBU YSTAFELL TE Ffoniwch ystafell de Pot M\u00eal i gadw lle ac oriau agor ar 07891732768 jmdavies63@yahoo.com &times; Dod o hyd i T\u0177 Hyll Mae T\u0177 Hyll ar yr\u00a0A5 rhwng\u00a0Capel Curig a Betws y Coed, lle mae\u2019r\u00a0A5 yn croesi Afon\u00a0Llugwy. T\u0177 Hyll, Capel Curig,\u00a0Conwy LL24 0DS Trafnidiaeth gynaladwy Rydym yn croesawu ymwelwyr yn cyrraedd T\u0177 [&hellip;]<\/p>\n","protected":false},"author":1,"featured_media":0,"parent":4883,"menu_order":0,"comment_status":"closed","ping_status":"closed","template":"elementor_header_footer","meta":{"_acf_changed":false,"_seopress_robots_primary_cat":"","_seopress_titles_title":"","_seopress_titles_desc":"","_seopress_robots_index":"","footnotes":""},"class_list":["post-5156","page","type-page","status-publish","hentry"],"acf":[],"_links":{"self":[{"href":"https:\/\/www.snowdonia-society.org.uk\/cy\/wp-json\/wp\/v2\/pages\/5156","targetHints":{"allow":["GET"]}}],"collection":[{"href":"https:\/\/www.snowdonia-society.org.uk\/cy\/wp-json\/wp\/v2\/pages"}],"about":[{"href":"https:\/\/www.snowdonia-society.org.uk\/cy\/wp-json\/wp\/v2\/types\/page"}],"author":[{"embeddable":true,"href":"https:\/\/www.snowdonia-society.org.uk\/cy\/wp-json\/wp\/v2\/users\/1"}],"replies":[{"embeddable":true,"href":"https:\/\/www.snowdonia-society.org.uk\/cy\/wp-json\/wp\/v2\/comments?post=5156"}],"version-history":[{"count":7,"href":"https:\/\/www.snowdonia-society.org.uk\/cy\/wp-json\/wp\/v2\/pages\/5156\/revisions"}],"predecessor-version":[{"id":7946,"href":"https:\/\/www.snowdonia-society.org.uk\/cy\/wp-json\/wp\/v2\/pages\/5156\/revisions\/7946"}],"up":[{"embeddable":true,"href":"https:\/\/www.snowdonia-society.org.uk\/cy\/wp-json\/wp\/v2\/pages\/4883"}],"wp:attachment":[{"href":"https:\/\/www.snowdonia-society.org.uk\/cy\/wp-json\/wp\/v2\/media?parent=5156"}],"curies":[{"name":"wp","href":"https:\/\/api.w.org\/{rel}","templated":true}]}}